{"id":384,"date":"2026-01-23T01:59:44","date_gmt":"2026-01-23T01:59:44","guid":{"rendered":"https:\/\/adskreative.com\/?page_id=384"},"modified":"2026-01-23T23:46:28","modified_gmt":"2026-01-23T23:46:28","slug":"budget","status":"publish","type":"page","link":"https:\/\/adskreative.com\/es\/budget\/","title":{"rendered":"Presupuesto"},"content":{"rendered":"<p class=\"\"><\/p>\n\n\n\n<div class=\"nfd-container nfd-p-lg  nfd-wb-features__features-13 is-style-nfd-theme-white wp-block-group has-mono-1-color has-contrast-light-background-color has-text-color has-background has-link-color wp-elements-4f1782312fc4bd50e673d51259a50314 has-global-padding is-layout-constrained wp-block-group-is-layout-constrained\" style=\"border-top-left-radius:26px;border-top-right-radius:26px;border-bottom-left-radius:26px;border-bottom-right-radius:26px;padding-top:var(--wp--preset--spacing--superbspacing-small);padding-bottom:var(--wp--preset--spacing--superbspacing-small)\">\n<p class=\"nfd-text-contrast nfd-text-huge nfd-text-balance has-text-align-center has-primary-color has-text-color has-link-color wp-elements-a174468fa10580074991adf08e7e3676\">Sin paquetes. Sin plantillas. Nada gen\u00e9rico.<\/p>\n\n\n\n<p class=\"nfd-text-contrast nfd-text-huge nfd-text-balance has-text-align-left has-mono-1-color has-text-color has-link-color has-superbfont-medium-font-size wp-elements-18622c9f69edb085ad0363ac03e62d34\"><br>En Ads Kreative no creemos en paquetes fijos, combos ni precios estandarizados.<\/p>\n\n\n\n<p class=\"nfd-text-contrast nfd-text-huge nfd-text-balance has-text-align-left has-mono-1-color has-text-color has-link-color has-superbfont-medium-font-size wp-elements-bcef06389692d2235eada79f57685d9e\"><strong>\u00bfLa raz\u00f3n?<\/strong><br>Porque el marketing efectivo no se basa en suposiciones, sino en conocer a fondo tu negocio. Cada estrategia surge de comprender tus objetivos y tus recursos, garantizando que solo inviertas en lo que realmente impulsa el valor y el crecimiento de tu marca. \n\nAs\u00ed es como trabajamos contigo, de forma personalizada, paso a paso:<\/p>\n\n\n\n<div style=\"height:48px\" aria-hidden=\"true\" class=\"wp-block-spacer\"><\/div>\n\n\n\n<div class=\"wp-block-group is-vertical is-layout-flex wp-container-core-group-is-layout-fe9cc265 wp-block-group-is-layout-flex\">\n<div class=\"nfd-text-base nfd-gap-md nfd-gap-y-xl wp-block-columns is-layout-flex wp-container-core-columns-is-layout-28f84493 wp-block-columns-is-layout-flex\">\n<div class=\"wp-block-column is-layout-flow wp-block-column-is-layout-flow\">\n<div class=\"nfd-p-card-square nfd-rounded nfd-gap-md is-style-nfd-theme-light wp-block-group is-vertical is-content-justification-left is-layout-flex wp-container-core-group-is-layout-dd225191 wp-block-group-is-layout-flex\">\n<p class=\"nfd-text-xl nfd-text-primary nfd-text-balance has-text-align-left has-primary-color has-text-color has-link-color wp-elements-0edabd5d9d33688986a8e78e51a3fa92\" style=\"font-style:normal;font-weight:300;letter-spacing:2px\">01<\/p>\n\n\n\n<h3 class=\"nfd-text-md nfd-text-contrast wp-block-heading has-text-align-left has-mono-1-color has-text-color has-link-color wp-elements-acad1ccfe08789608427b88bfa98dbd3\" style=\"font-style:normal;font-weight:500\"><strong>Entendimiento del negocio<\/strong><\/h3>\n\n\n\n<p class=\"nfd-text-balance nfd-text-faded  has-text-align-left has-mono-1-color has-text-color has-link-color wp-elements-8c99f515d133eae9a0eb7d515b602162\">Empezamos por conocer c\u00f3mo funciona tu negocio, d\u00f3nde est\u00e1s hoy y hacia d\u00f3nde quieres llegar.<\/p>\n<\/div>\n<\/div>\n\n\n\n<div class=\"wp-block-column is-layout-flow wp-block-column-is-layout-flow\">\n<div class=\"nfd-p-card-square nfd-rounded nfd-gap-md wp-block-group has-cyan-bluish-gray-color has-text-color has-link-color wp-elements-4e3967c439e8ce77c57f15e9052debac is-vertical is-content-justification-left is-layout-flex wp-container-core-group-is-layout-dd225191 wp-block-group-is-layout-flex\">\n<p class=\"nfd-text-xl nfd-text-primary nfd-text-balance has-text-align-left has-primary-color has-text-color has-link-color wp-elements-02abd360d228cac136880a547227f43d\" style=\"font-style:normal;font-weight:300;letter-spacing:2px\">02<\/p>\n\n\n\n<h3 class=\"nfd-text-md nfd-text-contrast wp-block-heading has-text-align-left has-mono-2-color has-text-color has-link-color wp-elements-1d754890ba79915223083435d1f298bd\" style=\"font-style:normal;font-weight:500\"><strong>An\u00e1lisis del mercado<\/strong>s<\/h3>\n\n\n\n<p class=\"nfd-text-balance nfd-text-faded  has-text-align-left has-mono-2-color has-text-color has-link-color wp-elements-745e38abf3aa6f443ffbb6dbe78734b6\">Estudiamos tu industria, a tus competidores y tu posicionamiento para identificar oportunidades reales de crecimiento.<\/p>\n<\/div>\n<\/div>\n\n\n\n<div class=\"wp-block-column is-layout-flow wp-block-column-is-layout-flow\">\n<div class=\"nfd-p-card-square nfd-rounded nfd-gap-md is-style-nfd-theme-light wp-block-group has-mono-1-color has-text-color has-link-color wp-elements-19083f295198e6f94d61d637e82b2a35 is-vertical is-content-justification-left is-layout-flex wp-container-core-group-is-layout-dd225191 wp-block-group-is-layout-flex\">\n<p class=\"nfd-text-xl nfd-text-primary nfd-text-balance has-text-align-left has-primary-color has-text-color has-link-color wp-elements-a77934d7c5464463fce93461ad2749a7\" style=\"font-style:normal;font-weight:300;letter-spacing:2px\">03<\/p>\n\n\n\n<h3 class=\"nfd-text-md nfd-text-contrast wp-block-heading has-text-align-left has-mono-1-color has-text-color has-link-color wp-elements-2fa9f6ba6c91155fc814603bf60e248f\" style=\"font-style:normal;font-weight:500\"><strong>Objetivos claros primero<\/strong><\/h3>\n\n\n\n<p class=\"nfd-text-balance nfd-text-faded  has-text-align-left has-mono-1-color has-text-color has-link-color wp-elements-9c59d0db79e85ccde34614c8ea74ce92\">Tus metas gu\u00edan toda la estrategia. Ya sea crecimiento, visibilidad, generaci\u00f3n de leads o ventas, el plan se adapta a lo que realmente importa para ti.<\/p>\n<\/div>\n<\/div>\n<\/div>\n\n\n\n<div class=\"nfd-text-base nfd-gap-md nfd-gap-y-xl wp-block-columns is-layout-flex wp-container-core-columns-is-layout-28f84493 wp-block-columns-is-layout-flex\">\n<div class=\"wp-block-column is-layout-flow wp-block-column-is-layout-flow\">\n<div class=\"nfd-p-card-square nfd-rounded nfd-gap-md wp-block-group is-vertical is-content-justification-left is-layout-flex wp-container-core-group-is-layout-dd225191 wp-block-group-is-layout-flex\">\n<p class=\"nfd-text-xl nfd-text-primary nfd-text-balance has-text-align-left has-primary-color has-text-color has-link-color wp-elements-d691d281024984434c820ee1afb26bc8\" style=\"font-style:normal;font-weight:300;letter-spacing:2px\">04<\/p>\n\n\n\n<h3 class=\"nfd-text-md nfd-text-contrast wp-block-heading has-text-align-left has-mono-2-color has-text-color has-link-color wp-elements-407dea2b621c49e593274a9d342e7f25\" style=\"font-style:normal;font-weight:500\"><strong>Estrategia hecha a tu medida<\/strong><\/h3>\n\n\n\n<p class=\"nfd-text-balance nfd-text-faded  has-text-align-left has-mono-2-color has-text-color has-link-color wp-elements-394c55949f5f693334b05a5f2c6d0c05\">Nada reciclado. Cada estrategia se construye desde cero, alineada con tus objetivos y tus recursos.<\/p>\n<\/div>\n<\/div>\n\n\n\n<div class=\"wp-block-column is-layout-flow wp-block-column-is-layout-flow\">\n<div class=\"nfd-p-card-square nfd-rounded nfd-gap-md is-style-nfd-theme-light wp-block-group is-vertical is-content-justification-left is-layout-flex wp-container-core-group-is-layout-dd225191 wp-block-group-is-layout-flex\">\n<p class=\"nfd-text-xl nfd-text-primary nfd-text-balance has-text-align-left has-primary-color has-text-color has-link-color wp-elements-5f84f845029d7ca51d63df005bdabd89\" style=\"font-style:normal;font-weight:300;letter-spacing:2px\">05<\/p>\n\n\n\n<h3 class=\"nfd-text-md nfd-text-contrast wp-block-heading has-text-align-left has-mono-1-color has-text-color has-link-color wp-elements-e4a33f006b7ec06d55bc2a05969b4552\" style=\"font-style:normal;font-weight:500\"><strong>Alcance y canales flexibles<\/strong><\/h3>\n\n\n\n<p class=\"nfd-text-balance nfd-text-faded  has-text-align-left has-mono-1-color has-text-color has-link-color wp-elements-5ff0c9b07c3d57b82a72966a3f61d68f\">Tu plan puede incluir publicidad digital, redes sociales, contenido o pruebas. Solo lo que tenga sentido para tu etapa de crecimiento.<\/p>\n<\/div>\n<\/div>\n\n\n\n<div class=\"wp-block-column is-layout-flow wp-block-column-is-layout-flow\">\n<div class=\"nfd-p-card-square nfd-rounded nfd-gap-md wp-block-group is-vertical is-content-justification-left is-layout-flex wp-container-core-group-is-layout-dd225191 wp-block-group-is-layout-flex\">\n<p class=\"nfd-text-xl nfd-text-primary nfd-text-balance has-text-align-left has-primary-color has-text-color has-link-color wp-elements-b4749c59eecd3ba5d2d392de32f28ced\" style=\"font-style:normal;font-weight:300;letter-spacing:2px\">06<\/p>\n\n\n\n<h3 class=\"nfd-text-md nfd-text-contrast wp-block-heading has-text-align-left has-mono-2-color has-text-color has-link-color wp-elements-2626d1f4ca890b87ec453ec4c757cfbd\" style=\"font-style:normal;font-weight:500\"><strong>Precios basados en valor<\/strong><\/h3>\n\n\n\n<p class=\"nfd-text-balance nfd-text-faded  has-text-align-left has-mono-2-color has-text-color has-link-color wp-elements-8c65850f5c029215389e54c457593e3d\">El precio refleja el alcance, la complejidad y el nivel de acompa\u00f1amiento que tu negocio necesita.\nNada m\u00e1s. Nada menos.<\/p>\n<\/div>\n<\/div>\n<\/div>\n<\/div>\n<\/div>\n\n\n\n<div class=\"wp-block-buttons has-background is-content-justification-center is-layout-flex wp-container-core-buttons-is-layout-1ffed178 wp-block-buttons-is-layout-flex\" style=\"background-color:#e0f2fe;padding-top:var(--wp--preset--spacing--superbspacing-medium);padding-bottom:var(--wp--preset--spacing--superbspacing-medium)\">\n<div class=\"wp-block-button\"><a class=\"wp-block-button__link wp-element-button\" href=\"https:\/\/adskreative.com\/contact-us\/\">Inicia Hoy<\/a><\/div>\n<\/div>\n\n\n\n<p class=\"\"><\/p>","protected":false},"excerpt":{"rendered":"<p>No Packages. No Templates. No One-Size-Fits-All. At Ads Kreative, we don\u2019t believe in fixed packages, bundles, or standardized pricing. Why?Because effective marketing isn\u2019t built from shortcuts , it\u2019s built from understanding your business. 01 Business Understanding We start by learning how your business works, where you are now, and where you want to go. 02 [&hellip;]<\/p>\n","protected":false},"author":1,"featured_media":0,"parent":0,"menu_order":0,"comment_status":"closed","ping_status":"closed","template":"","meta":{"nf_dc_page":"","om_disable_all_campaigns":false,"_monsterinsights_skip_tracking":false,"_monsterinsights_sitenote_active":false,"_monsterinsights_sitenote_note":"","_monsterinsights_sitenote_category":0,"footnotes":""},"class_list":["post-384","page","type-page","status-publish","hentry"],"yoast_head":"<!-- This site is optimized with the Yoast SEO plugin v27.6 - https:\/\/yoast.com\/product\/yoast-seo-wordpress\/ -->\n<title>Budget - Ads Kreative<\/title>\n<meta name=\"robots\" content=\"index, follow, max-snippet:-1, max-image-preview:large, max-video-preview:-1\" \/>\n<link rel=\"canonical\" href=\"https:\/\/adskreative.com\/es\/budget\/\" \/>\n<meta property=\"og:locale\" content=\"es_MX\" \/>\n<meta property=\"og:type\" content=\"article\" \/>\n<meta property=\"og:title\" content=\"Budget - Ads Kreative\" \/>\n<meta property=\"og:description\" content=\"No Packages. No Templates. No One-Size-Fits-All. At Ads Kreative, we don\u2019t believe in fixed packages, bundles, or standardized pricing. Why?Because effective marketing isn\u2019t built from shortcuts , it\u2019s built from understanding your business. 01 Business Understanding We start by learning how your business works, where you are now, and where you want to go. 02 [&hellip;]\" \/>\n<meta property=\"og:url\" content=\"https:\/\/adskreative.com\/es\/budget\/\" \/>\n<meta property=\"og:site_name\" content=\"Ads Kreative\" \/>\n<meta property=\"article:modified_time\" content=\"2026-01-23T23:46:28+00:00\" \/>\n<meta name=\"twitter:card\" content=\"summary_large_image\" \/>\n<meta name=\"twitter:label1\" content=\"Tiempo de lectura\" \/>\n\t<meta name=\"twitter:data1\" content=\"1 minuto\" \/>\n<script type=\"application\/ld+json\" class=\"yoast-schema-graph\">{\"@context\":\"https:\\\/\\\/schema.org\",\"@graph\":[{\"@type\":\"WebPage\",\"@id\":\"https:\\\/\\\/adskreative.com\\\/budget\\\/\",\"url\":\"https:\\\/\\\/adskreative.com\\\/budget\\\/\",\"name\":\"Budget - Ads Kreative\",\"isPartOf\":{\"@id\":\"https:\\\/\\\/adskreative.com\\\/#website\"},\"datePublished\":\"2026-01-23T01:59:44+00:00\",\"dateModified\":\"2026-01-23T23:46:28+00:00\",\"breadcrumb\":{\"@id\":\"https:\\\/\\\/adskreative.com\\\/budget\\\/#breadcrumb\"},\"inLanguage\":\"es\",\"potentialAction\":[{\"@type\":\"ReadAction\",\"target\":[\"https:\\\/\\\/adskreative.com\\\/budget\\\/\"]}]},{\"@type\":\"BreadcrumbList\",\"@id\":\"https:\\\/\\\/adskreative.com\\\/budget\\\/#breadcrumb\",\"itemListElement\":[{\"@type\":\"ListItem\",\"position\":1,\"name\":\"Home\",\"item\":\"https:\\\/\\\/adskreative.com\\\/\"},{\"@type\":\"ListItem\",\"position\":2,\"name\":\"Budget\"}]},{\"@type\":\"WebSite\",\"@id\":\"https:\\\/\\\/adskreative.com\\\/#website\",\"url\":\"https:\\\/\\\/adskreative.com\\\/\",\"name\":\"adskreative.com\",\"description\":\"Blending creativity with data-driven strategies to craft marketing campaigns that captivate, engage, and drive real results.\",\"publisher\":{\"@id\":\"https:\\\/\\\/adskreative.com\\\/#organization\"},\"potentialAction\":[{\"@type\":\"SearchAction\",\"target\":{\"@type\":\"EntryPoint\",\"urlTemplate\":\"https:\\\/\\\/adskreative.com\\\/?s={search_term_string}\"},\"query-input\":{\"@type\":\"PropertyValueSpecification\",\"valueRequired\":true,\"valueName\":\"search_term_string\"}}],\"inLanguage\":\"es\"},{\"@type\":\"Organization\",\"@id\":\"https:\\\/\\\/adskreative.com\\\/#organization\",\"name\":\"Ads Kreative\",\"url\":\"https:\\\/\\\/adskreative.com\\\/\",\"logo\":{\"@type\":\"ImageObject\",\"inLanguage\":\"es\",\"@id\":\"https:\\\/\\\/adskreative.com\\\/#\\\/schema\\\/logo\\\/image\\\/\",\"url\":\"https:\\\/\\\/i0.wp.com\\\/adskreative.com\\\/wp-content\\\/uploads\\\/2025\\\/04\\\/logo-horizontal.png?fit=900%2C300&ssl=1\",\"contentUrl\":\"https:\\\/\\\/i0.wp.com\\\/adskreative.com\\\/wp-content\\\/uploads\\\/2025\\\/04\\\/logo-horizontal.png?fit=900%2C300&ssl=1\",\"width\":900,\"height\":300,\"caption\":\"Ads Kreative\"},\"image\":{\"@id\":\"https:\\\/\\\/adskreative.com\\\/#\\\/schema\\\/logo\\\/image\\\/\"}}]}<\/script>\n<!-- \/ Yoast SEO plugin. -->","yoast_head_json":{"title":"Budget - Ads Kreative","robots":{"index":"index","follow":"follow","max-snippet":"max-snippet:-1","max-image-preview":"max-image-preview:large","max-video-preview":"max-video-preview:-1"},"canonical":"https:\/\/adskreative.com\/es\/budget\/","og_locale":"es_MX","og_type":"article","og_title":"Budget - Ads Kreative","og_description":"No Packages. No Templates. No One-Size-Fits-All. At Ads Kreative, we don\u2019t believe in fixed packages, bundles, or standardized pricing. Why?Because effective marketing isn\u2019t built from shortcuts , it\u2019s built from understanding your business. 01 Business Understanding We start by learning how your business works, where you are now, and where you want to go. 02 [&hellip;]","og_url":"https:\/\/adskreative.com\/es\/budget\/","og_site_name":"Ads Kreative","article_modified_time":"2026-01-23T23:46:28+00:00","twitter_card":"summary_large_image","twitter_misc":{"Tiempo de lectura":"1 minuto"},"schema":{"@context":"https:\/\/schema.org","@graph":[{"@type":"WebPage","@id":"https:\/\/adskreative.com\/budget\/","url":"https:\/\/adskreative.com\/budget\/","name":"Budget - Ads Kreative","isPartOf":{"@id":"https:\/\/adskreative.com\/#website"},"datePublished":"2026-01-23T01:59:44+00:00","dateModified":"2026-01-23T23:46:28+00:00","breadcrumb":{"@id":"https:\/\/adskreative.com\/budget\/#breadcrumb"},"inLanguage":"es","potentialAction":[{"@type":"ReadAction","target":["https:\/\/adskreative.com\/budget\/"]}]},{"@type":"BreadcrumbList","@id":"https:\/\/adskreative.com\/budget\/#breadcrumb","itemListElement":[{"@type":"ListItem","position":1,"name":"Home","item":"https:\/\/adskreative.com\/"},{"@type":"ListItem","position":2,"name":"Budget"}]},{"@type":"WebSite","@id":"https:\/\/adskreative.com\/#website","url":"https:\/\/adskreative.com\/","name":"adskreative.com","description":"Impulsamos tus sue\u00f1os, metas e historias reales con estrategias de marketing digital que dejan huella.","publisher":{"@id":"https:\/\/adskreative.com\/#organization"},"potentialAction":[{"@type":"SearchAction","target":{"@type":"EntryPoint","urlTemplate":"https:\/\/adskreative.com\/?s={search_term_string}"},"query-input":{"@type":"PropertyValueSpecification","valueRequired":true,"valueName":"search_term_string"}}],"inLanguage":"es"},{"@type":"Organization","@id":"https:\/\/adskreative.com\/#organization","name":"Ads Kreative","url":"https:\/\/adskreative.com\/","logo":{"@type":"ImageObject","inLanguage":"es","@id":"https:\/\/adskreative.com\/#\/schema\/logo\/image\/","url":"https:\/\/i0.wp.com\/adskreative.com\/wp-content\/uploads\/2025\/04\/logo-horizontal.png?fit=900%2C300&ssl=1","contentUrl":"https:\/\/i0.wp.com\/adskreative.com\/wp-content\/uploads\/2025\/04\/logo-horizontal.png?fit=900%2C300&ssl=1","width":900,"height":300,"caption":"Ads Kreative"},"image":{"@id":"https:\/\/adskreative.com\/#\/schema\/logo\/image\/"}}]}},"_links":{"self":[{"href":"https:\/\/adskreative.com\/es\/wp-json\/wp\/v2\/pages\/384","targetHints":{"allow":["GET"]}}],"collection":[{"href":"https:\/\/adskreative.com\/es\/wp-json\/wp\/v2\/pages"}],"about":[{"href":"https:\/\/adskreative.com\/es\/wp-json\/wp\/v2\/types\/page"}],"author":[{"embeddable":true,"href":"https:\/\/adskreative.com\/es\/wp-json\/wp\/v2\/users\/1"}],"replies":[{"embeddable":true,"href":"https:\/\/adskreative.com\/es\/wp-json\/wp\/v2\/comments?post=384"}],"version-history":[{"count":10,"href":"https:\/\/adskreative.com\/es\/wp-json\/wp\/v2\/pages\/384\/revisions"}],"predecessor-version":[{"id":424,"href":"https:\/\/adskreative.com\/es\/wp-json\/wp\/v2\/pages\/384\/revisions\/424"}],"wp:attachment":[{"href":"https:\/\/adskreative.com\/es\/wp-json\/wp\/v2\/media?parent=384"}],"curies":[{"name":"wp","href":"https:\/\/api.w.org\/{rel}","templated":true}]}}