{"id":398,"date":"2026-01-23T02:38:42","date_gmt":"2026-01-23T02:38:42","guid":{"rendered":"https:\/\/adskreative.com\/?page_id=398"},"modified":"2026-01-23T22:16:00","modified_gmt":"2026-01-23T22:16:00","slug":"why-us","status":"publish","type":"page","link":"https:\/\/adskreative.com\/es\/why-us\/","title":{"rendered":"\u00bfPor qu\u00e9 elegirnos?"},"content":{"rendered":"<div class=\"nfd-gap-lg wp-block-group is-vertical is-layout-flex wp-container-core-group-is-layout-fe9cc265 wp-block-group-is-layout-flex\" style=\"font-size:clamp(14px, 0.875rem + ((1vw - 3.2px) * 0.227), 16px);\">\n<p class=\"has-mono-1-color has-text-color has-link-color has-superbfont-medium-font-size wp-elements-f8fac3beef161dae6b2e67a73632fc81\">Trabajar con Ads Kreative tiene sentido si valoras el entendimiento cultural, la comunicaci\u00f3n clara y un aliado de marketing que realmente entiende la experiencia latina en Estados Unidos. Estas son algunas de las razones por las que nuestros clientes conectan con nosotros:<\/p>\n\n\n\n<div class=\"nfd-gap-3xl wp-block-group has-contrast-light-background-color has-background is-vertical is-layout-flex wp-container-core-group-is-layout-d58f8fdb wp-block-group-is-layout-flex\" style=\"border-top-left-radius:21px;border-top-right-radius:21px;border-bottom-left-radius:21px;border-bottom-right-radius:21px;margin-top:0;margin-bottom:0;padding-top:var(--wp--preset--spacing--superbspacing-small);padding-bottom:var(--wp--preset--spacing--superbspacing-small)\">\n<div class=\"wp-block-columns is-layout-flex wp-container-core-columns-is-layout-28f84493 wp-block-columns-is-layout-flex\">\n<div class=\"wp-block-column is-layout-flow wp-block-column-is-layout-flow\">\n<div class=\"nfd-gap-md wp-block-group is-vertical is-layout-flex wp-container-core-group-is-layout-fe9cc265 wp-block-group-is-layout-flex\">\n<h4 class=\"wp-block-heading has-primary-color has-text-color has-link-color wp-elements-cb489e28676ed5de07752c7821ff2364\">1. <strong>Entendemos la cultura latina desde adentro<\/strong><\/h4>\n\n\n\n<p class=\"has-mono-1-color has-text-color has-link-color wp-elements-1c1008096f4f60e9199158760e1b11b9\">No trabajamos desde suposiciones ni estereotipos. Nuestro enfoque nace de una experiencia cultural real, lo que nos permite comunicar de forma natural, respetuosa y aut\u00e9ntica con audiencias latinas en Estados Unidos.<\/p>\n<\/div>\n<\/div>\n<\/div>\n<\/div>\n\n\n\n<div class=\"nfd-gap-3xl wp-block-group has-contrast-light-background-color has-background is-vertical is-layout-flex wp-container-core-group-is-layout-d58f8fdb wp-block-group-is-layout-flex\" style=\"border-top-left-radius:21px;border-top-right-radius:21px;border-bottom-left-radius:21px;border-bottom-right-radius:21px;margin-top:0;margin-bottom:0;padding-top:var(--wp--preset--spacing--superbspacing-small);padding-bottom:var(--wp--preset--spacing--superbspacing-small)\">\n<div class=\"wp-block-columns is-layout-flex wp-container-core-columns-is-layout-28f84493 wp-block-columns-is-layout-flex\">\n<div class=\"wp-block-column is-layout-flow wp-block-column-is-layout-flow\">\n<div class=\"nfd-gap-md wp-block-group is-vertical is-layout-flex wp-container-core-group-is-layout-fe9cc265 wp-block-group-is-layout-flex\">\n<h4 class=\"wp-block-heading has-primary-color has-text-color has-link-color wp-elements-648928f166cb7b1bea7e9ff0fbba98f0\"><strong>2. <strong>Hablamos tu idioma, literal y estrat\u00e9gicamente<\/strong><\/strong><\/h4>\n\n\n\n<p class=\"has-mono-1-color has-text-color has-link-color wp-elements-70ee2f834bb9c2d4b290d6828d02027a\">Entendemos los matices del espa\u00f1ol, el ingl\u00e9s y el spanglish. Pero, m\u00e1s importante a\u00fan, sabemos cu\u00e1ndo y c\u00f3mo usar cada uno sin perder claridad, profesionalismo ni intenci\u00f3n.<\/p>\n<\/div>\n<\/div>\n<\/div>\n<\/div>\n\n\n\n<div class=\"nfd-gap-3xl wp-block-group has-contrast-light-background-color has-background is-vertical is-layout-flex wp-container-core-group-is-layout-d58f8fdb wp-block-group-is-layout-flex\" style=\"border-top-left-radius:21px;border-top-right-radius:21px;border-bottom-left-radius:21px;border-bottom-right-radius:21px;margin-top:0;margin-bottom:0;padding-top:var(--wp--preset--spacing--superbspacing-small);padding-bottom:var(--wp--preset--spacing--superbspacing-small)\">\n<div class=\"wp-block-columns is-layout-flex wp-container-core-columns-is-layout-28f84493 wp-block-columns-is-layout-flex\">\n<div class=\"wp-block-column is-layout-flow wp-block-column-is-layout-flow\">\n<div class=\"nfd-gap-md wp-block-group is-vertical is-layout-flex wp-container-core-group-is-layout-fe9cc265 wp-block-group-is-layout-flex\">\n<h4 class=\"wp-block-heading has-primary-color has-text-color has-link-color wp-elements-de9268707a14297ae82e9b5a03d2a762\"><strong>3. <strong><strong>Conocemos c\u00f3mo funcionan los negocios en Estados Unidos<\/strong><\/strong><\/strong><\/h4>\n\n\n\n<p class=\"has-mono-1-color has-text-color has-link-color wp-elements-f1459c584c159fc6ead4cec233979e52\">El conocimiento cultural tiene m\u00e1s impacto cuando se combina con estructura, datos y estrategia. Creamos planes de marketing alineados con el mercado estadounidense, tus objetivos de negocio y resultados medibles.<\/p>\n<\/div>\n<\/div>\n<\/div>\n<\/div>\n\n\n\n<div class=\"nfd-gap-3xl wp-block-group has-contrast-light-background-color has-background is-vertical is-layout-flex wp-container-core-group-is-layout-d58f8fdb wp-block-group-is-layout-flex\" style=\"border-top-left-radius:21px;border-top-right-radius:21px;border-bottom-left-radius:21px;border-bottom-right-radius:21px;margin-top:0;margin-bottom:0;padding-top:var(--wp--preset--spacing--superbspacing-small);padding-bottom:var(--wp--preset--spacing--superbspacing-small)\">\n<div class=\"wp-block-columns is-layout-flex wp-container-core-columns-is-layout-28f84493 wp-block-columns-is-layout-flex\">\n<div class=\"wp-block-column is-layout-flow wp-block-column-is-layout-flow\">\n<div class=\"nfd-gap-md wp-block-group is-vertical is-layout-flex wp-container-core-group-is-layout-fe9cc265 wp-block-group-is-layout-flex\">\n<h4 class=\"wp-block-heading has-primary-color has-text-color has-link-color wp-elements-28053badaf05c59af09f797350fcf2c1\"><strong>4. <strong><strong>Construimos estrategias basadas en tu realidad<\/strong><\/strong><\/strong><\/h4>\n\n\n\n<p class=\"has-mono-1-color has-text-color has-link-color wp-elements-7676f4a33d90c4af3e12e90b0c3d09ee\">Nada de f\u00f3rmulas gen\u00e9ricas. Nos tomamos el tiempo de entender tu negocio, tus recursos y tus metas para crear una estrategia que realmente se ajuste a tu etapa de crecimiento.<\/p>\n<\/div>\n<\/div>\n<\/div>\n<\/div>\n\n\n\n<div class=\"nfd-gap-3xl wp-block-group has-contrast-light-background-color has-background is-vertical is-layout-flex wp-container-core-group-is-layout-d58f8fdb wp-block-group-is-layout-flex\" style=\"border-top-left-radius:21px;border-top-right-radius:21px;border-bottom-left-radius:21px;border-bottom-right-radius:21px;margin-top:0;margin-bottom:0;padding-top:var(--wp--preset--spacing--superbspacing-small);padding-bottom:var(--wp--preset--spacing--superbspacing-small)\">\n<div class=\"wp-block-columns is-layout-flex wp-container-core-columns-is-layout-28f84493 wp-block-columns-is-layout-flex\">\n<div class=\"wp-block-column is-layout-flow wp-block-column-is-layout-flow\">\n<div class=\"nfd-gap-md wp-block-group is-vertical is-layout-flex wp-container-core-group-is-layout-fe9cc265 wp-block-group-is-layout-flex\">\n<h4 class=\"wp-block-heading has-primary-color has-text-color has-link-color wp-elements-89c9cfcb5d410f9ebf783a663a8036c6\"><strong>5. <strong>Valoramos la comunicaci\u00f3n clara y el trabajo en equipo<\/strong><\/strong><\/h4>\n\n\n\n<p class=\"has-mono-1-color has-text-color has-link-color wp-elements-c5265bbd10244f359d14002497e44f99\">Creemos que el buen marketing comienza con confianza. Eso implica conversaciones honestas, expectativas claras y trabajar contigo como aliados, no solo como proveedores.<\/p>\n<\/div>\n<\/div>\n<\/div>\n<\/div>\n\n\n\n<div class=\"nfd-gap-3xl wp-block-group has-contrast-light-background-color has-background is-vertical is-layout-flex wp-container-core-group-is-layout-d58f8fdb wp-block-group-is-layout-flex\" style=\"border-top-left-radius:21px;border-top-right-radius:21px;border-bottom-left-radius:21px;border-bottom-right-radius:21px;margin-top:0;margin-bottom:0;padding-top:var(--wp--preset--spacing--superbspacing-small);padding-bottom:var(--wp--preset--spacing--superbspacing-small)\">\n<div class=\"wp-block-columns is-layout-flex wp-container-core-columns-is-layout-28f84493 wp-block-columns-is-layout-flex\">\n<div class=\"wp-block-column is-layout-flow wp-block-column-is-layout-flow\">\n<div class=\"nfd-gap-md wp-block-group is-vertical is-layout-flex wp-container-core-group-is-layout-fe9cc265 wp-block-group-is-layout-flex\">\n<h4 class=\"wp-block-heading has-primary-color has-text-color has-link-color wp-elements-9e2845f6930e5ee2ff995f7cbc5a5375\"><strong>6. <strong>Apostamos por el crecimiento a largo plazo<\/strong><\/strong><\/h4>\n\n\n\n<p class=\"has-mono-1-color has-text-color has-link-color wp-elements-d50490c7a293e1289c44166134223eec\">No buscamos resultados r\u00e1pidos que no duren. Nuestro enfoque est\u00e1 en crear estrategias que crezcan junto a tu negocio y apoyen un crecimiento sostenible en el tiempo.<\/p>\n<\/div>\n<\/div>\n<\/div>\n<\/div>\n<\/div>\n\n\n\n<div class=\"wp-block-columns is-layout-flex wp-container-core-columns-is-layout-28f84493 wp-block-columns-is-layout-flex\">\n<div class=\"wp-block-column is-layout-flow wp-block-column-is-layout-flow\">\n<div class=\"wp-block-buttons is-content-justification-center is-layout-flex wp-container-core-buttons-is-layout-a89b3969 wp-block-buttons-is-layout-flex\">\n<div class=\"wp-block-button\"><a class=\"wp-block-button__link wp-element-button\" href=\"https:\/\/adskreative.com\/contact-us\/\">Hablemos<\/a><\/div>\n<\/div>\n<\/div>\n<\/div>\n\n\n\n<p class=\"\"><\/p>","protected":false},"excerpt":{"rendered":"<p>Working with Ads Kreative makes sense if you value cultural understanding, clear communication, and a marketing partner who truly gets the Latino experience in the U.S. Reasons why our clients connect with us: 1. We Understand Latino Culture From the Inside We don\u2019t rely on assumptions or stereotypes. Our work is rooted in lived cultural [&hellip;]<\/p>\n","protected":false},"author":1,"featured_media":0,"parent":0,"menu_order":0,"comment_status":"closed","ping_status":"closed","template":"","meta":{"nf_dc_page":"","om_disable_all_campaigns":false,"_monsterinsights_skip_tracking":false,"_monsterinsights_sitenote_active":false,"_monsterinsights_sitenote_note":"","_monsterinsights_sitenote_category":0,"footnotes":""},"class_list":["post-398","page","type-page","status-publish","hentry"],"yoast_head":"<!-- This site is optimized with the Yoast SEO plugin v27.6 - https:\/\/yoast.com\/product\/yoast-seo-wordpress\/ -->\n<title>Why Us? - Ads Kreative<\/title>\n<meta name=\"robots\" content=\"index, follow, max-snippet:-1, max-image-preview:large, max-video-preview:-1\" \/>\n<link rel=\"canonical\" href=\"https:\/\/adskreative.com\/es\/why-us\/\" \/>\n<meta property=\"og:locale\" content=\"es_MX\" \/>\n<meta property=\"og:type\" content=\"article\" \/>\n<meta property=\"og:title\" content=\"Why Us? - Ads Kreative\" \/>\n<meta property=\"og:description\" content=\"Working with Ads Kreative makes sense if you value cultural understanding, clear communication, and a marketing partner who truly gets the Latino experience in the U.S. Reasons why our clients connect with us: 1. We Understand Latino Culture From the Inside We don\u2019t rely on assumptions or stereotypes. Our work is rooted in lived cultural [&hellip;]\" \/>\n<meta property=\"og:url\" content=\"https:\/\/adskreative.com\/es\/why-us\/\" \/>\n<meta property=\"og:site_name\" content=\"Ads Kreative\" \/>\n<meta property=\"article:modified_time\" content=\"2026-01-23T22:16:00+00:00\" \/>\n<meta name=\"twitter:card\" content=\"summary_large_image\" \/>\n<meta name=\"twitter:label1\" content=\"Tiempo de lectura\" \/>\n\t<meta name=\"twitter:data1\" content=\"2 minutos\" \/>\n<script type=\"application\/ld+json\" class=\"yoast-schema-graph\">{\"@context\":\"https:\\\/\\\/schema.org\",\"@graph\":[{\"@type\":\"WebPage\",\"@id\":\"https:\\\/\\\/adskreative.com\\\/why-us\\\/\",\"url\":\"https:\\\/\\\/adskreative.com\\\/why-us\\\/\",\"name\":\"Why Us? - Ads Kreative\",\"isPartOf\":{\"@id\":\"https:\\\/\\\/adskreative.com\\\/#website\"},\"datePublished\":\"2026-01-23T02:38:42+00:00\",\"dateModified\":\"2026-01-23T22:16:00+00:00\",\"breadcrumb\":{\"@id\":\"https:\\\/\\\/adskreative.com\\\/why-us\\\/#breadcrumb\"},\"inLanguage\":\"es\",\"potentialAction\":[{\"@type\":\"ReadAction\",\"target\":[\"https:\\\/\\\/adskreative.com\\\/why-us\\\/\"]}]},{\"@type\":\"BreadcrumbList\",\"@id\":\"https:\\\/\\\/adskreative.com\\\/why-us\\\/#breadcrumb\",\"itemListElement\":[{\"@type\":\"ListItem\",\"position\":1,\"name\":\"Home\",\"item\":\"https:\\\/\\\/adskreative.com\\\/\"},{\"@type\":\"ListItem\",\"position\":2,\"name\":\"Why Us?\"}]},{\"@type\":\"WebSite\",\"@id\":\"https:\\\/\\\/adskreative.com\\\/#website\",\"url\":\"https:\\\/\\\/adskreative.com\\\/\",\"name\":\"adskreative.com\",\"description\":\"Blending creativity with data-driven strategies to craft marketing campaigns that captivate, engage, and drive real results.\",\"publisher\":{\"@id\":\"https:\\\/\\\/adskreative.com\\\/#organization\"},\"potentialAction\":[{\"@type\":\"SearchAction\",\"target\":{\"@type\":\"EntryPoint\",\"urlTemplate\":\"https:\\\/\\\/adskreative.com\\\/?s={search_term_string}\"},\"query-input\":{\"@type\":\"PropertyValueSpecification\",\"valueRequired\":true,\"valueName\":\"search_term_string\"}}],\"inLanguage\":\"es\"},{\"@type\":\"Organization\",\"@id\":\"https:\\\/\\\/adskreative.com\\\/#organization\",\"name\":\"Ads Kreative\",\"url\":\"https:\\\/\\\/adskreative.com\\\/\",\"logo\":{\"@type\":\"ImageObject\",\"inLanguage\":\"es\",\"@id\":\"https:\\\/\\\/adskreative.com\\\/#\\\/schema\\\/logo\\\/image\\\/\",\"url\":\"https:\\\/\\\/i0.wp.com\\\/adskreative.com\\\/wp-content\\\/uploads\\\/2025\\\/04\\\/logo-horizontal.png?fit=900%2C300&ssl=1\",\"contentUrl\":\"https:\\\/\\\/i0.wp.com\\\/adskreative.com\\\/wp-content\\\/uploads\\\/2025\\\/04\\\/logo-horizontal.png?fit=900%2C300&ssl=1\",\"width\":900,\"height\":300,\"caption\":\"Ads Kreative\"},\"image\":{\"@id\":\"https:\\\/\\\/adskreative.com\\\/#\\\/schema\\\/logo\\\/image\\\/\"}}]}<\/script>\n<!-- \/ Yoast SEO plugin. -->","yoast_head_json":{"title":"Why Us? - Ads Kreative","robots":{"index":"index","follow":"follow","max-snippet":"max-snippet:-1","max-image-preview":"max-image-preview:large","max-video-preview":"max-video-preview:-1"},"canonical":"https:\/\/adskreative.com\/es\/why-us\/","og_locale":"es_MX","og_type":"article","og_title":"Why Us? - Ads Kreative","og_description":"Working with Ads Kreative makes sense if you value cultural understanding, clear communication, and a marketing partner who truly gets the Latino experience in the U.S. Reasons why our clients connect with us: 1. We Understand Latino Culture From the Inside We don\u2019t rely on assumptions or stereotypes. Our work is rooted in lived cultural [&hellip;]","og_url":"https:\/\/adskreative.com\/es\/why-us\/","og_site_name":"Ads Kreative","article_modified_time":"2026-01-23T22:16:00+00:00","twitter_card":"summary_large_image","twitter_misc":{"Tiempo de lectura":"2 minutos"},"schema":{"@context":"https:\/\/schema.org","@graph":[{"@type":"WebPage","@id":"https:\/\/adskreative.com\/why-us\/","url":"https:\/\/adskreative.com\/why-us\/","name":"Why Us? - Ads Kreative","isPartOf":{"@id":"https:\/\/adskreative.com\/#website"},"datePublished":"2026-01-23T02:38:42+00:00","dateModified":"2026-01-23T22:16:00+00:00","breadcrumb":{"@id":"https:\/\/adskreative.com\/why-us\/#breadcrumb"},"inLanguage":"es","potentialAction":[{"@type":"ReadAction","target":["https:\/\/adskreative.com\/why-us\/"]}]},{"@type":"BreadcrumbList","@id":"https:\/\/adskreative.com\/why-us\/#breadcrumb","itemListElement":[{"@type":"ListItem","position":1,"name":"Home","item":"https:\/\/adskreative.com\/"},{"@type":"ListItem","position":2,"name":"Why Us?"}]},{"@type":"WebSite","@id":"https:\/\/adskreative.com\/#website","url":"https:\/\/adskreative.com\/","name":"adskreative.com","description":"Impulsamos tus sue\u00f1os, metas e historias reales con estrategias de marketing digital que dejan huella.","publisher":{"@id":"https:\/\/adskreative.com\/#organization"},"potentialAction":[{"@type":"SearchAction","target":{"@type":"EntryPoint","urlTemplate":"https:\/\/adskreative.com\/?s={search_term_string}"},"query-input":{"@type":"PropertyValueSpecification","valueRequired":true,"valueName":"search_term_string"}}],"inLanguage":"es"},{"@type":"Organization","@id":"https:\/\/adskreative.com\/#organization","name":"Ads Kreative","url":"https:\/\/adskreative.com\/","logo":{"@type":"ImageObject","inLanguage":"es","@id":"https:\/\/adskreative.com\/#\/schema\/logo\/image\/","url":"https:\/\/i0.wp.com\/adskreative.com\/wp-content\/uploads\/2025\/04\/logo-horizontal.png?fit=900%2C300&ssl=1","contentUrl":"https:\/\/i0.wp.com\/adskreative.com\/wp-content\/uploads\/2025\/04\/logo-horizontal.png?fit=900%2C300&ssl=1","width":900,"height":300,"caption":"Ads Kreative"},"image":{"@id":"https:\/\/adskreative.com\/#\/schema\/logo\/image\/"}}]}},"_links":{"self":[{"href":"https:\/\/adskreative.com\/es\/wp-json\/wp\/v2\/pages\/398","targetHints":{"allow":["GET"]}}],"collection":[{"href":"https:\/\/adskreative.com\/es\/wp-json\/wp\/v2\/pages"}],"about":[{"href":"https:\/\/adskreative.com\/es\/wp-json\/wp\/v2\/types\/page"}],"author":[{"embeddable":true,"href":"https:\/\/adskreative.com\/es\/wp-json\/wp\/v2\/users\/1"}],"replies":[{"embeddable":true,"href":"https:\/\/adskreative.com\/es\/wp-json\/wp\/v2\/comments?post=398"}],"version-history":[{"count":5,"href":"https:\/\/adskreative.com\/es\/wp-json\/wp\/v2\/pages\/398\/revisions"}],"predecessor-version":[{"id":421,"href":"https:\/\/adskreative.com\/es\/wp-json\/wp\/v2\/pages\/398\/revisions\/421"}],"wp:attachment":[{"href":"https:\/\/adskreative.com\/es\/wp-json\/wp\/v2\/media?parent=398"}],"curies":[{"name":"wp","href":"https:\/\/api.w.org\/{rel}","templated":true}]}}