{"id":88,"date":"2025-04-10T17:47:51","date_gmt":"2025-04-10T17:47:51","guid":{"rendered":"https:\/\/adskreative.com\/?page_id=88"},"modified":"2026-01-23T03:20:13","modified_gmt":"2026-01-23T03:20:13","slug":"services","status":"publish","type":"page","link":"https:\/\/adskreative.com\/es\/services\/","title":{"rendered":"Servicios"},"content":{"rendered":"<p class=\"has-text-align-left has-custom-0-c-4-a-6-e-color has-text-color has-link-color wp-elements-fc8cf696960a50949b5db661c1341007 translation-block\" style=\"font-size:clamp(14.082px, 0.88rem + ((1vw - 3.2px) * 0.786), 21px);\">Donde tus ideas se convierten en logros. Ofrecemos servicios de marketing digital pensados para ayudar a peque\u00f1os negocios a crecer con confianza y claridad. Ya sea que est\u00e9s empezando o listo para crecer, estamos aqu\u00ed para acompa\u00f1arte.<\/p>\n\n\n\n<div class=\"nfd-container nfd-p-lg nfd-theme-white nfd-bg-surface nfd-wb-features__features-13 is-style-nfd-theme-white wp-block-group has-custom-0-c-4-a-6-e-color has-text-color has-link-color wp-elements-c09211370511e73ff1df0d2f33d8a93d has-global-padding is-layout-constrained wp-container-core-group-is-layout-c0465a81 wp-block-group-is-layout-constrained\" style=\"padding-top:var(--wp--preset--spacing--superbspacing-small);padding-right:0;padding-bottom:var(--wp--preset--spacing--superbspacing-small);padding-left:0\">\n<h2 class=\"nfd-text-contrast nfd-text-huge nfd-text-balance wp-block-heading has-text-align-center has-custom-0-c-4-a-6-e-color has-text-color has-link-color wp-elements-acd565746cfa4c0773432c6acc2fc238\" style=\"font-style:normal;font-weight:500\">Lo que hacemos<\/h2>\n\n\n\n<div style=\"height:48px\" aria-hidden=\"true\" class=\"wp-block-spacer\"><\/div>\n\n\n\n<div class=\"wp-block-group is-vertical is-layout-flex wp-container-core-group-is-layout-fe9cc265 wp-block-group-is-layout-flex\">\n<div class=\"nfd-text-base nfd-gap-md nfd-gap-y-xl wp-block-columns is-layout-flex wp-container-core-columns-is-layout-28f84493 wp-block-columns-is-layout-flex\">\n<div class=\"wp-block-column is-layout-flow wp-block-column-is-layout-flow\">\n<div class=\"nfd-p-card-square nfd-rounded nfd-gap-md nfd-theme-light nfd-bg-surface is-style-nfd-theme-light wp-block-group has-custom-0-c-4-a-6-e-color has-text-color has-link-color wp-elements-2767c6421bb0cfdddfa710b6e9b4b3d0 is-vertical is-content-justification-left is-layout-flex wp-container-core-group-is-layout-dd225191 wp-block-group-is-layout-flex\">\n<h3 class=\"nfd-text-md nfd-text-contrast wp-block-heading has-text-align-left has-custom-0-c-4-a-6-e-color has-text-color has-link-color wp-elements-d43269319c6047e44fee91304e715f35\" style=\"font-style:normal;font-weight:500\"><strong>Publicidad Digital <\/strong><\/h3>\n\n\n\n<p class=\"nfd-text-balance nfd-text-faded  has-text-align-left has-custom-0-c-4-a-6-e-color has-text-color has-link-color wp-elements-90a32f91e9c14a2fb4adfb4d91b576e8\">Anuncios en Meta, Google y TikTok<\/p>\n\n\n\n<p class=\"\">Retargeting y remarketing<\/p>\n\n\n\n<p class=\"\">Configuraci\u00f3n y optimizaci\u00f3n de campa\u00f1as<\/p>\n\n\n\n<p class=\"\">Pruebas A\/B para anuncios<\/p>\n\n\n\n<div class=\"wp-block-buttons is-content-justification-center is-layout-flex wp-container-core-buttons-is-layout-a89b3969 wp-block-buttons-is-layout-flex\">\n<div class=\"wp-block-button has-custom-width wp-block-button__width-100\"><a class=\"wp-block-button__link has-superbfont-tiny-font-size has-custom-font-size wp-element-button\" href=\"https:\/\/adskreative.com\/paid-advertising\/\">Aprende M\u00e1s<\/a><\/div>\n<\/div>\n<\/div>\n<\/div>\n\n\n\n<div class=\"wp-block-column is-layout-flow wp-block-column-is-layout-flow\">\n<div class=\"nfd-p-card-square nfd-rounded nfd-gap-md wp-block-group is-vertical is-content-justification-left is-layout-flex wp-container-core-group-is-layout-dd225191 wp-block-group-is-layout-flex\">\n<h3 class=\"nfd-text-md nfd-text-contrast wp-block-heading has-text-align-left has-custom-0-c-4-a-6-e-color has-text-color has-link-color wp-elements-973235d8eff67f68baa432165ede0691\" style=\"font-style:normal;font-weight:500\"><strong>Redes Sociales<\/strong><\/h3>\n\n\n\n<p class=\"nfd-text-balance nfd-text-faded  has-text-align-left has-custom-0-c-4-a-6-e-color has-text-color has-link-color wp-elements-a44e50a0bb289819b10149b407990612\">Estrategia y planificaci\u00f3n de contenido<\/p>\n\n\n\n<p class=\"\">Calendarios de contenido mensuales<\/p>\n\n\n\n<p class=\"\">Dise\u00f1o gr\u00e1fico para posts y stories<\/p>\n\n\n\n<p class=\"\">Edici\u00f3n de reels y videos cortos<\/p>\n\n\n\n<div class=\"wp-block-buttons is-layout-flex wp-block-buttons-is-layout-flex\">\n<div class=\"wp-block-button\"><a class=\"wp-block-button__link has-superbfont-tiny-font-size has-custom-font-size wp-element-button\" href=\"https:\/\/adskreative.com\/social-media\/\">Aprende M\u00e1s<\/a><\/div>\n<\/div>\n\n\n\n<p class=\"nfd-text-balance nfd-text-faded  has-text-align-left has-custom-0-c-4-a-6-e-color has-text-color has-link-color wp-elements-a32e9a77574a9af074701b3f6c592908\"><\/p>\n<\/div>\n<\/div>\n\n\n\n<div class=\"wp-block-column has-custom-0-c-4-a-6-e-color has-text-color has-link-color wp-elements-afec4bdd4ec4a63c155efeede34d63b7 is-layout-flow wp-block-column-is-layout-flow\">\n<div class=\"nfd-p-card-square nfd-rounded nfd-gap-md nfd-theme-light nfd-bg-surface is-style-nfd-theme-light wp-block-group has-custom-0-c-4-a-6-e-color has-text-color has-link-color wp-elements-872348f5ae40e57ffb483d23a91cfae6 is-vertical is-content-justification-left is-layout-flex wp-container-core-group-is-layout-dd225191 wp-block-group-is-layout-flex\">\n<h3 class=\"nfd-text-md nfd-text-contrast wp-block-heading has-text-align-left has-custom-0-c-4-a-6-e-color has-text-color has-link-color wp-elements-86f1760a9210432b0ecbc5ed22eb53c3\" style=\"font-style:normal;font-weight:500\"><strong><strong>An\u00e1lisis y Estrategia<\/strong><\/strong><\/h3>\n\n\n\n<p class=\"\">Desarrollo de estrategias de marketing digital<\/p>\n\n\n\n<p class=\"\">Reportes y an\u00e1lisis mensuales<\/p>\n\n\n\n<p class=\"\">Investigaci\u00f3n de competencia<\/p>\n\n\n\n<div class=\"wp-block-buttons is-layout-flex wp-block-buttons-is-layout-flex\">\n<div class=\"wp-block-button\"><a class=\"wp-block-button__link has-superbfont-tiny-font-size has-custom-font-size wp-element-button\" href=\"https:\/\/adskreative.com\/analytics-strategy\/\">Aprende M\u00e1s<\/a><\/div>\n<\/div>\n\n\n\n<p class=\"\"><\/p>\n<\/div>\n<\/div>\n<\/div>\n\n\n\n<div class=\"nfd-text-base nfd-gap-md nfd-gap-y-xl wp-block-columns is-layout-flex wp-container-core-columns-is-layout-28f84493 wp-block-columns-is-layout-flex\">\n<div class=\"wp-block-column is-layout-flow wp-block-column-is-layout-flow\">\n<div class=\"nfd-p-card-square nfd-rounded nfd-gap-md wp-block-group is-vertical is-content-justification-left is-layout-flex wp-container-core-group-is-layout-dd225191 wp-block-group-is-layout-flex\">\n<h3 class=\"nfd-text-md nfd-text-contrast wp-block-heading has-text-align-left has-mono-1-color has-text-color has-link-color wp-elements-fa32a7ce72590cf45fbdf0ec805936fb\" style=\"font-style:normal;font-weight:500\"><strong>SEO<\/strong><\/h3>\n\n\n\n<p class=\"nfd-text-balance nfd-text-faded  has-text-align-left has-custom-0-c-4-a-6-e-color has-text-color has-link-color wp-elements-aa8148f76233017e1d2b4304fdcab2e2\">Optimizaci\u00f3n SEO dentro de tu sitio web<\/p>\n\n\n\n<p class=\"\">SEO local (perfil de Google Business)<\/p>\n\n\n\n<p class=\"\">Investigaci\u00f3n de palabras clave<\/p>\n\n\n\n<div class=\"wp-block-buttons is-layout-flex wp-block-buttons-is-layout-flex\">\n<div class=\"wp-block-button\"><a class=\"wp-block-button__link has-superbfont-tiny-font-size has-custom-font-size wp-element-button\" href=\"https:\/\/adskreative.com\/search-engine-optimization-seo\/\">Aprende M\u00e1s<\/a><\/div>\n<\/div>\n<\/div>\n<\/div>\n\n\n\n<div class=\"wp-block-column is-layout-flow wp-block-column-is-layout-flow\">\n<div class=\"nfd-p-card-square nfd-rounded nfd-gap-md nfd-theme-light nfd-bg-surface is-style-nfd-theme-light wp-block-group has-custom-0-c-4-a-6-e-color has-text-color has-link-color wp-elements-e09efced07b31388c0b3b3a2130d57f8 is-vertical is-content-justification-left is-layout-flex wp-container-core-group-is-layout-dd225191 wp-block-group-is-layout-flex\">\n<h3 class=\"nfd-text-md nfd-text-contrast wp-block-heading has-text-align-left has-custom-0-c-4-a-6-e-color has-text-color has-link-color wp-elements-342116dfa64c129849121c63f702b684\" style=\"font-style:normal;font-weight:500\"><strong>Dise\u00f1o Web<\/strong><\/h3>\n\n\n\n<p class=\"nfd-text-balance nfd-text-faded  has-text-align-left has-custom-0-c-4-a-6-e-color has-text-color has-link-color wp-elements-40f284b908634f1af682243009a1ce27\">Dise\u00f1o de sitios web personalizados<\/p>\n\n\n\n<p class=\"\">Dise\u00f1o de landing pages<\/p>\n\n\n\n<p class=\"\">Adaptaci\u00f3n a dispositivos m\u00f3viles<\/p>\n\n\n\n<p class=\"nfd-text-balance nfd-text-faded  has-text-align-left has-custom-0-c-4-a-6-e-color has-text-color has-link-color wp-elements-b59934e6a8ef9effc76579245734dd16\">Mantenimiento del sitio web<\/p>\n\n\n\n<div class=\"wp-block-buttons is-layout-flex wp-block-buttons-is-layout-flex\">\n<div class=\"wp-block-button\"><a class=\"wp-block-button__link has-superbfont-tiny-font-size has-custom-font-size wp-element-button\" href=\"https:\/\/adskreative.com\/web-design-development\/\">Aprende M\u00e1s<\/a><\/div>\n<\/div>\n<\/div>\n<\/div>\n\n\n\n<div class=\"wp-block-column is-layout-flow wp-block-column-is-layout-flow\">\n<div class=\"nfd-p-card-square nfd-rounded nfd-gap-md wp-block-group is-vertical is-content-justification-left is-layout-flex wp-container-core-group-is-layout-dd225191 wp-block-group-is-layout-flex\">\n<h3 class=\"nfd-text-md nfd-text-contrast wp-block-heading has-text-align-left has-custom-0-c-4-a-6-e-color has-text-color has-link-color wp-elements-cb188a28ede603a275fcfe938693ac3b\" style=\"font-style:normal;font-weight:500\"><strong>Email Marketing<\/strong><\/h3>\n\n\n\n<p class=\"nfd-text-balance nfd-text-faded  has-text-align-left has-custom-0-c-4-a-6-e-color has-text-color has-link-color wp-elements-1307d259a4d8e97cdb8403bc839184c3\">Configuraci\u00f3n de campa\u00f1as<\/p>\n\n\n\n<p class=\"\">Dise\u00f1o de newsletters<\/p>\n\n\n\n<p class=\"\">Secuencias de bienvenida<\/p>\n\n\n\n<p class=\"nfd-text-balance nfd-text-faded  has-text-align-left has-custom-0-c-4-a-6-e-color has-text-color has-link-color wp-elements-cc6f265a945e280ccb49d571be6ff0d0\">Automatizaci\u00f3n y segmentaci\u00f3n<\/p>\n\n\n\n<p class=\"\">Pruebas A\/B<\/p>\n\n\n\n<div class=\"wp-block-buttons is-layout-flex wp-block-buttons-is-layout-flex\">\n<div class=\"wp-block-button\"><a class=\"wp-block-button__link has-superbfont-tiny-font-size has-custom-font-size wp-element-button\" href=\"https:\/\/adskreative.com\/email-marketing\/\">Aprende M\u00e1s<\/a><\/div>\n<\/div>\n<\/div>\n<\/div>\n<\/div>\n<\/div>\n\n\n\n<div class=\"wp-block-buttons has-background is-content-justification-center is-layout-flex wp-container-core-buttons-is-layout-1ffed178 wp-block-buttons-is-layout-flex\" style=\"background-color:#f3f3f3;padding-top:var(--wp--preset--spacing--superbspacing-medium);padding-bottom:var(--wp--preset--spacing--superbspacing-medium)\">\n<div class=\"wp-block-button\"><a class=\"wp-block-button__link wp-element-button\" href=\"https:\/\/adskreative.com\/contact-us\/\">Inicia Hoy<\/a><\/div>\n<\/div>\n<\/div>","protected":false},"excerpt":{"rendered":"<p>Big Ideas. Bigger Results. We offer digital marketing services designed to help small businesses grow with confidence and clarity. Whether you&#8217;re just getting started or ready to scale, we\u2019ve got your back. What We Do Paid Advertising Meta, Google, and TikTok Ads Retargeting &amp; Remarketing Campaign Setup &amp; Optimization A\/B Testing for Ads Social Media [&hellip;]<\/p>\n","protected":false},"author":1,"featured_media":0,"parent":0,"menu_order":0,"comment_status":"closed","ping_status":"closed","template":"","meta":{"nf_dc_page":"","om_disable_all_campaigns":false,"_monsterinsights_skip_tracking":false,"_monsterinsights_sitenote_active":false,"_monsterinsights_sitenote_note":"","_monsterinsights_sitenote_category":0,"footnotes":""},"class_list":["post-88","page","type-page","status-publish","hentry"],"yoast_head":"<!-- This site is optimized with the Yoast SEO plugin v27.6 - https:\/\/yoast.com\/product\/yoast-seo-wordpress\/ -->\n<title>Services - Ads Kreative<\/title>\n<meta name=\"description\" content=\"Grow your business with digital marketing services: paid ads, social media, SEO, web design &amp; more. Real results for small brands with big vision.\" \/>\n<meta name=\"robots\" content=\"index, follow, max-snippet:-1, max-image-preview:large, max-video-preview:-1\" \/>\n<link rel=\"canonical\" href=\"https:\/\/adskreative.com\/es\/services\/\" \/>\n<meta property=\"og:locale\" content=\"es_MX\" \/>\n<meta property=\"og:type\" content=\"article\" \/>\n<meta property=\"og:title\" content=\"Services - Ads Kreative\" \/>\n<meta property=\"og:description\" content=\"Grow your business with digital marketing services: paid ads, social media, SEO, web design &amp; more. Real results for small brands with big vision.\" \/>\n<meta property=\"og:url\" content=\"https:\/\/adskreative.com\/es\/services\/\" \/>\n<meta property=\"og:site_name\" content=\"Ads Kreative\" \/>\n<meta property=\"article:modified_time\" content=\"2026-01-23T03:20:13+00:00\" \/>\n<meta name=\"twitter:card\" content=\"summary_large_image\" \/>\n<meta name=\"twitter:label1\" content=\"Tiempo de lectura\" \/>\n\t<meta name=\"twitter:data1\" content=\"1 minuto\" \/>\n<script type=\"application\/ld+json\" class=\"yoast-schema-graph\">{\"@context\":\"https:\\\/\\\/schema.org\",\"@graph\":[{\"@type\":\"WebPage\",\"@id\":\"https:\\\/\\\/adskreative.com\\\/services\\\/\",\"url\":\"https:\\\/\\\/adskreative.com\\\/services\\\/\",\"name\":\"Services - Ads Kreative\",\"isPartOf\":{\"@id\":\"https:\\\/\\\/adskreative.com\\\/#website\"},\"datePublished\":\"2025-04-10T17:47:51+00:00\",\"dateModified\":\"2026-01-23T03:20:13+00:00\",\"description\":\"Grow your business with digital marketing services: paid ads, social media, SEO, web design & more. Real results for small brands with big vision.\",\"breadcrumb\":{\"@id\":\"https:\\\/\\\/adskreative.com\\\/services\\\/#breadcrumb\"},\"inLanguage\":\"es\",\"potentialAction\":[{\"@type\":\"ReadAction\",\"target\":[\"https:\\\/\\\/adskreative.com\\\/services\\\/\"]}]},{\"@type\":\"BreadcrumbList\",\"@id\":\"https:\\\/\\\/adskreative.com\\\/services\\\/#breadcrumb\",\"itemListElement\":[{\"@type\":\"ListItem\",\"position\":1,\"name\":\"Home\",\"item\":\"https:\\\/\\\/adskreative.com\\\/\"},{\"@type\":\"ListItem\",\"position\":2,\"name\":\"Services\"}]},{\"@type\":\"WebSite\",\"@id\":\"https:\\\/\\\/adskreative.com\\\/#website\",\"url\":\"https:\\\/\\\/adskreative.com\\\/\",\"name\":\"adskreative.com\",\"description\":\"Blending creativity with data-driven strategies to craft marketing campaigns that captivate, engage, and drive real results.\",\"publisher\":{\"@id\":\"https:\\\/\\\/adskreative.com\\\/#organization\"},\"potentialAction\":[{\"@type\":\"SearchAction\",\"target\":{\"@type\":\"EntryPoint\",\"urlTemplate\":\"https:\\\/\\\/adskreative.com\\\/?s={search_term_string}\"},\"query-input\":{\"@type\":\"PropertyValueSpecification\",\"valueRequired\":true,\"valueName\":\"search_term_string\"}}],\"inLanguage\":\"es\"},{\"@type\":\"Organization\",\"@id\":\"https:\\\/\\\/adskreative.com\\\/#organization\",\"name\":\"Ads Kreative\",\"url\":\"https:\\\/\\\/adskreative.com\\\/\",\"logo\":{\"@type\":\"ImageObject\",\"inLanguage\":\"es\",\"@id\":\"https:\\\/\\\/adskreative.com\\\/#\\\/schema\\\/logo\\\/image\\\/\",\"url\":\"https:\\\/\\\/i0.wp.com\\\/adskreative.com\\\/wp-content\\\/uploads\\\/2025\\\/04\\\/logo-horizontal.png?fit=900%2C300&ssl=1\",\"contentUrl\":\"https:\\\/\\\/i0.wp.com\\\/adskreative.com\\\/wp-content\\\/uploads\\\/2025\\\/04\\\/logo-horizontal.png?fit=900%2C300&ssl=1\",\"width\":900,\"height\":300,\"caption\":\"Ads Kreative\"},\"image\":{\"@id\":\"https:\\\/\\\/adskreative.com\\\/#\\\/schema\\\/logo\\\/image\\\/\"}}]}<\/script>\n<!-- \/ Yoast SEO plugin. -->","yoast_head_json":{"title":"Services - Ads Kreative","description":"Grow your business with digital marketing services: paid ads, social media, SEO, web design & more. Real results for small brands with big vision.","robots":{"index":"index","follow":"follow","max-snippet":"max-snippet:-1","max-image-preview":"max-image-preview:large","max-video-preview":"max-video-preview:-1"},"canonical":"https:\/\/adskreative.com\/es\/services\/","og_locale":"es_MX","og_type":"article","og_title":"Services - Ads Kreative","og_description":"Grow your business with digital marketing services: paid ads, social media, SEO, web design & more. Real results for small brands with big vision.","og_url":"https:\/\/adskreative.com\/es\/services\/","og_site_name":"Ads Kreative","article_modified_time":"2026-01-23T03:20:13+00:00","twitter_card":"summary_large_image","twitter_misc":{"Tiempo de lectura":"1 minuto"},"schema":{"@context":"https:\/\/schema.org","@graph":[{"@type":"WebPage","@id":"https:\/\/adskreative.com\/services\/","url":"https:\/\/adskreative.com\/services\/","name":"Services - Ads Kreative","isPartOf":{"@id":"https:\/\/adskreative.com\/#website"},"datePublished":"2025-04-10T17:47:51+00:00","dateModified":"2026-01-23T03:20:13+00:00","description":"Grow your business with digital marketing services: paid ads, social media, SEO, web design & more. Real results for small brands with big vision.","breadcrumb":{"@id":"https:\/\/adskreative.com\/services\/#breadcrumb"},"inLanguage":"es","potentialAction":[{"@type":"ReadAction","target":["https:\/\/adskreative.com\/services\/"]}]},{"@type":"BreadcrumbList","@id":"https:\/\/adskreative.com\/services\/#breadcrumb","itemListElement":[{"@type":"ListItem","position":1,"name":"Home","item":"https:\/\/adskreative.com\/"},{"@type":"ListItem","position":2,"name":"Services"}]},{"@type":"WebSite","@id":"https:\/\/adskreative.com\/#website","url":"https:\/\/adskreative.com\/","name":"adskreative.com","description":"Impulsamos tus sue\u00f1os, metas e historias reales con estrategias de marketing digital que dejan huella.","publisher":{"@id":"https:\/\/adskreative.com\/#organization"},"potentialAction":[{"@type":"SearchAction","target":{"@type":"EntryPoint","urlTemplate":"https:\/\/adskreative.com\/?s={search_term_string}"},"query-input":{"@type":"PropertyValueSpecification","valueRequired":true,"valueName":"search_term_string"}}],"inLanguage":"es"},{"@type":"Organization","@id":"https:\/\/adskreative.com\/#organization","name":"Ads Kreative","url":"https:\/\/adskreative.com\/","logo":{"@type":"ImageObject","inLanguage":"es","@id":"https:\/\/adskreative.com\/#\/schema\/logo\/image\/","url":"https:\/\/i0.wp.com\/adskreative.com\/wp-content\/uploads\/2025\/04\/logo-horizontal.png?fit=900%2C300&ssl=1","contentUrl":"https:\/\/i0.wp.com\/adskreative.com\/wp-content\/uploads\/2025\/04\/logo-horizontal.png?fit=900%2C300&ssl=1","width":900,"height":300,"caption":"Ads Kreative"},"image":{"@id":"https:\/\/adskreative.com\/#\/schema\/logo\/image\/"}}]}},"_links":{"self":[{"href":"https:\/\/adskreative.com\/es\/wp-json\/wp\/v2\/pages\/88","targetHints":{"allow":["GET"]}}],"collection":[{"href":"https:\/\/adskreative.com\/es\/wp-json\/wp\/v2\/pages"}],"about":[{"href":"https:\/\/adskreative.com\/es\/wp-json\/wp\/v2\/types\/page"}],"author":[{"embeddable":true,"href":"https:\/\/adskreative.com\/es\/wp-json\/wp\/v2\/users\/1"}],"replies":[{"embeddable":true,"href":"https:\/\/adskreative.com\/es\/wp-json\/wp\/v2\/comments?post=88"}],"version-history":[{"count":20,"href":"https:\/\/adskreative.com\/es\/wp-json\/wp\/v2\/pages\/88\/revisions"}],"predecessor-version":[{"id":409,"href":"https:\/\/adskreative.com\/es\/wp-json\/wp\/v2\/pages\/88\/revisions\/409"}],"wp:attachment":[{"href":"https:\/\/adskreative.com\/es\/wp-json\/wp\/v2\/media?parent=88"}],"curies":[{"name":"wp","href":"https:\/\/api.w.org\/{rel}","templated":true}]}}